{"id":2752,"date":"2025-12-21T16:12:00","date_gmt":"2025-12-21T14:12:00","guid":{"rendered":"https:\/\/casino-bk-site15.top\/?page_id=2752"},"modified":"2025-12-21T18:00:23","modified_gmt":"2025-12-21T16:00:23","slug":"elaqe-melumatlari","status":"publish","type":"page","link":"https:\/\/casino-bk-site15.top\/az\/elaqe-melumatlari\/","title":{"rendered":"\u018fLAQ\u018f M\u018fLUMATLARI"},"content":{"rendered":"<h1>\u018fLAQ\u018f M\u018fLUMATLARI<\/h1>\n<p>\u0130stifad\u0259\u00e7il\u0259r texniki m\u0259s\u0259l\u0259l\u0259r, hesab yard\u0131m\u0131, t\u0259hl\u00fck\u0259sizlik v\u0259 ya \u0259m\u0259kda\u015fl\u0131q t\u0259klifl\u0259ri il\u0259 ba\u011fl\u0131 sor\u011fular \u00fc\u00e7\u00fcn d\u0259st\u0259k xidm\u0259ti il\u0259 \u0259laq\u0259 saxlaya bil\u0259rl\u0259r. H\u0259r bir sor\u011fu diqq\u0259tl\u0259 n\u0259z\u0259rd\u0259n ke\u00e7irilir v\u0259 beyn\u0259lxalq r\u0259q\u0259msal standartlara uy\u011fun olaraq i\u015fl\u0259nir.<\/p>\n<p>E-po\u00e7t: <a class=\"decorated-link cursor-pointer\" rel=\"noopener\" data-start=\"77\" data-end=\"98\">info@ekitaplaroku.com<\/a><br data-start=\"98\" data-end=\"101\" \/>Telefon: +994 51 822 14 96<br data-start=\"131\" data-end=\"134\" \/>\u00dcnvan: Nizami k\u00fc\u00e7\u0259si 203B, Bak\u0131 1000, Az\u0259rbaycan<\/p>\n<p>Kuningan Barat, Cakarta Selatan, \u0130ndoneziya 12950<\/p>\n","protected":false},"excerpt":{"rendered":"<p>\u018fLAQ\u018f M\u018fLUMATLARI \u0130stifad\u0259\u00e7il\u0259r texniki m\u0259s\u0259l\u0259l\u0259r, hesab yard\u0131m\u0131, t\u0259hl\u00fck\u0259sizlik v\u0259 ya \u0259m\u0259kda\u015fl\u0131q t\u0259klifl\u0259ri il\u0259 ba\u011fl\u0131 sor\u011fular \u00fc\u00e7\u00fcn d\u0259st\u0259k xidm\u0259ti il\u0259 \u0259laq\u0259 saxlaya bil\u0259rl\u0259r. H\u0259r bir sor\u011fu diqq\u0259tl\u0259 n\u0259z\u0259rd\u0259n ke\u00e7irilir v\u0259 beyn\u0259lxalq r\u0259q\u0259msal standartlara uy\u011fun olaraq i\u015fl\u0259nir. E-po\u00e7t: info@ekitaplaroku.comTelefon: +994 51 822 14 96\u00dcnvan: Nizami k\u00fc\u00e7\u0259si 203B, Bak\u0131 1000, Az\u0259rbaycan Kuningan Barat, Cakarta Selatan, \u0130ndoneziya 12950<\/p>\n","protected":false},"author":1,"featured_media":0,"parent":0,"menu_order":0,"comment_status":"closed","ping_status":"closed","template":"","meta":{"_acf_changed":false,"footnotes":""},"class_list":["post-2752","page","type-page","status-publish","hentry"],"acf":[],"yoast_head":"<!-- This site is optimized with the Yoast SEO plugin v27.3 - https:\/\/yoast.com\/product\/yoast-seo-wordpress\/ -->\n<title>\u018fLAQ\u018f M\u018fLUMATLARI | 1xbet<\/title>\n<meta name=\"robots\" content=\"index, follow, max-snippet:-1, max-image-preview:large, max-video-preview:-1\" \/>\n<link rel=\"canonical\" href=\"https:\/\/casino-bk-site15.top\/az\/elaqe-melumatlari\/\" \/>\n<meta property=\"og:locale\" content=\"ru_RU\" \/>\n<meta property=\"og:type\" content=\"article\" \/>\n<meta property=\"og:title\" content=\"\u018fLAQ\u018f M\u018fLUMATLARI | 1xbet\" \/>\n<meta property=\"og:description\" content=\"\u018fLAQ\u018f M\u018fLUMATLARI \u0130stifad\u0259\u00e7il\u0259r texniki m\u0259s\u0259l\u0259l\u0259r, hesab yard\u0131m\u0131, t\u0259hl\u00fck\u0259sizlik v\u0259 ya \u0259m\u0259kda\u015fl\u0131q t\u0259klifl\u0259ri il\u0259 ba\u011fl\u0131 sor\u011fular \u00fc\u00e7\u00fcn d\u0259st\u0259k xidm\u0259ti il\u0259 \u0259laq\u0259 saxlaya bil\u0259rl\u0259r. H\u0259r bir sor\u011fu diqq\u0259tl\u0259 n\u0259z\u0259rd\u0259n ke\u00e7irilir v\u0259 beyn\u0259lxalq r\u0259q\u0259msal standartlara uy\u011fun olaraq i\u015fl\u0259nir. E-po\u00e7t: info@ekitaplaroku.comTelefon: +994 51 822 14 96\u00dcnvan: Nizami k\u00fc\u00e7\u0259si 203B, Bak\u0131 1000, Az\u0259rbaycan Kuningan Barat, Cakarta Selatan, \u0130ndoneziya 12950\" \/>\n<meta property=\"og:url\" content=\"https:\/\/casino-bk-site15.top\/az\/elaqe-melumatlari\/\" \/>\n<meta property=\"og:site_name\" content=\"casino-bk-site15.top\" \/>\n<meta property=\"article:modified_time\" content=\"2025-12-21T16:00:23+00:00\" \/>\n<meta name=\"twitter:card\" content=\"summary_large_image\" \/>\n<meta name=\"twitter:label1\" content=\"\u041f\u0440\u0438\u043c\u0435\u0440\u043d\u043e\u0435 \u0432\u0440\u0435\u043c\u044f \u0434\u043b\u044f \u0447\u0442\u0435\u043d\u0438\u044f\" \/>\n\t<meta name=\"twitter:data1\" content=\"1 \u043c\u0438\u043d\u0443\u0442\u0430\" \/>\n<script type=\"application\/ld+json\" class=\"yoast-schema-graph\">{\"@context\":\"https:\\\/\\\/schema.org\",\"@graph\":[{\"@type\":\"WebPage\",\"@id\":\"https:\\\/\\\/casino-bk-site15.top\\\/az\\\/elaqe-melumatlari\\\/\",\"url\":\"https:\\\/\\\/casino-bk-site15.top\\\/az\\\/elaqe-melumatlari\\\/\",\"name\":\"\u018fLAQ\u018f M\u018fLUMATLARI | 1xbet\",\"isPartOf\":{\"@id\":\"https:\\\/\\\/casino-bk-site15.top\\\/#website\"},\"datePublished\":\"2025-12-21T14:12:00+00:00\",\"dateModified\":\"2025-12-21T16:00:23+00:00\",\"breadcrumb\":{\"@id\":\"https:\\\/\\\/casino-bk-site15.top\\\/az\\\/elaqe-melumatlari\\\/#breadcrumb\"},\"inLanguage\":\"ru-RU\",\"potentialAction\":[{\"@type\":\"ReadAction\",\"target\":[\"https:\\\/\\\/casino-bk-site15.top\\\/az\\\/elaqe-melumatlari\\\/\"]}]},{\"@type\":\"BreadcrumbList\",\"@id\":\"https:\\\/\\\/casino-bk-site15.top\\\/az\\\/elaqe-melumatlari\\\/#breadcrumb\",\"itemListElement\":[{\"@type\":\"ListItem\",\"position\":1,\"name\":\"\u0413\u043b\u0430\u0432\u043d\u0430\u044f \u0441\u0442\u0440\u0430\u043d\u0438\u0446\u0430\",\"item\":\"https:\\\/\\\/casino-bk-site15.top\\\/\"},{\"@type\":\"ListItem\",\"position\":2,\"name\":\"\u018fLAQ\u018f M\u018fLUMATLARI\"}]},{\"@type\":\"WebSite\",\"@id\":\"https:\\\/\\\/casino-bk-site15.top\\\/#website\",\"url\":\"https:\\\/\\\/casino-bk-site15.top\\\/\",\"name\":\"casino-bk-site15.top\",\"description\":\"\",\"potentialAction\":[{\"@type\":\"SearchAction\",\"target\":{\"@type\":\"EntryPoint\",\"urlTemplate\":\"https:\\\/\\\/casino-bk-site15.top\\\/?s={search_term_string}\"},\"query-input\":{\"@type\":\"PropertyValueSpecification\",\"valueRequired\":true,\"valueName\":\"search_term_string\"}}],\"inLanguage\":\"ru-RU\"}]}<\/script>\n<!-- \/ Yoast SEO plugin. -->","yoast_head_json":{"title":"\u018fLAQ\u018f M\u018fLUMATLARI | 1xbet","robots":{"index":"index","follow":"follow","max-snippet":"max-snippet:-1","max-image-preview":"max-image-preview:large","max-video-preview":"max-video-preview:-1"},"canonical":"https:\/\/casino-bk-site15.top\/az\/elaqe-melumatlari\/","og_locale":"ru_RU","og_type":"article","og_title":"\u018fLAQ\u018f M\u018fLUMATLARI | 1xbet","og_description":"\u018fLAQ\u018f M\u018fLUMATLARI \u0130stifad\u0259\u00e7il\u0259r texniki m\u0259s\u0259l\u0259l\u0259r, hesab yard\u0131m\u0131, t\u0259hl\u00fck\u0259sizlik v\u0259 ya \u0259m\u0259kda\u015fl\u0131q t\u0259klifl\u0259ri il\u0259 ba\u011fl\u0131 sor\u011fular \u00fc\u00e7\u00fcn d\u0259st\u0259k xidm\u0259ti il\u0259 \u0259laq\u0259 saxlaya bil\u0259rl\u0259r. H\u0259r bir sor\u011fu diqq\u0259tl\u0259 n\u0259z\u0259rd\u0259n ke\u00e7irilir v\u0259 beyn\u0259lxalq r\u0259q\u0259msal standartlara uy\u011fun olaraq i\u015fl\u0259nir. E-po\u00e7t: info@ekitaplaroku.comTelefon: +994 51 822 14 96\u00dcnvan: Nizami k\u00fc\u00e7\u0259si 203B, Bak\u0131 1000, Az\u0259rbaycan Kuningan Barat, Cakarta Selatan, \u0130ndoneziya 12950","og_url":"https:\/\/casino-bk-site15.top\/az\/elaqe-melumatlari\/","og_site_name":"casino-bk-site15.top","article_modified_time":"2025-12-21T16:00:23+00:00","twitter_card":"summary_large_image","twitter_misc":{"\u041f\u0440\u0438\u043c\u0435\u0440\u043d\u043e\u0435 \u0432\u0440\u0435\u043c\u044f \u0434\u043b\u044f \u0447\u0442\u0435\u043d\u0438\u044f":"1 \u043c\u0438\u043d\u0443\u0442\u0430"},"schema":{"@context":"https:\/\/schema.org","@graph":[{"@type":"WebPage","@id":"https:\/\/casino-bk-site15.top\/az\/elaqe-melumatlari\/","url":"https:\/\/casino-bk-site15.top\/az\/elaqe-melumatlari\/","name":"\u018fLAQ\u018f M\u018fLUMATLARI | 1xbet","isPartOf":{"@id":"https:\/\/casino-bk-site15.top\/#website"},"datePublished":"2025-12-21T14:12:00+00:00","dateModified":"2025-12-21T16:00:23+00:00","breadcrumb":{"@id":"https:\/\/casino-bk-site15.top\/az\/elaqe-melumatlari\/#breadcrumb"},"inLanguage":"ru-RU","potentialAction":[{"@type":"ReadAction","target":["https:\/\/casino-bk-site15.top\/az\/elaqe-melumatlari\/"]}]},{"@type":"BreadcrumbList","@id":"https:\/\/casino-bk-site15.top\/az\/elaqe-melumatlari\/#breadcrumb","itemListElement":[{"@type":"ListItem","position":1,"name":"\u0413\u043b\u0430\u0432\u043d\u0430\u044f \u0441\u0442\u0440\u0430\u043d\u0438\u0446\u0430","item":"https:\/\/casino-bk-site15.top\/"},{"@type":"ListItem","position":2,"name":"\u018fLAQ\u018f M\u018fLUMATLARI"}]},{"@type":"WebSite","@id":"https:\/\/casino-bk-site15.top\/#website","url":"https:\/\/casino-bk-site15.top\/","name":"casino-bk-site15.top","description":"","potentialAction":[{"@type":"SearchAction","target":{"@type":"EntryPoint","urlTemplate":"https:\/\/casino-bk-site15.top\/?s={search_term_string}"},"query-input":{"@type":"PropertyValueSpecification","valueRequired":true,"valueName":"search_term_string"}}],"inLanguage":"ru-RU"}]}},"amp_enabled":true,"_links":{"self":[{"href":"https:\/\/casino-bk-site15.top\/wp-json\/wp\/v2\/pages\/2752","targetHints":{"allow":["GET"]}}],"collection":[{"href":"https:\/\/casino-bk-site15.top\/wp-json\/wp\/v2\/pages"}],"about":[{"href":"https:\/\/casino-bk-site15.top\/wp-json\/wp\/v2\/types\/page"}],"author":[{"embeddable":true,"href":"https:\/\/casino-bk-site15.top\/wp-json\/wp\/v2\/users\/1"}],"replies":[{"embeddable":true,"href":"https:\/\/casino-bk-site15.top\/wp-json\/wp\/v2\/comments?post=2752"}],"version-history":[{"count":2,"href":"https:\/\/casino-bk-site15.top\/wp-json\/wp\/v2\/pages\/2752\/revisions"}],"predecessor-version":[{"id":2763,"href":"https:\/\/casino-bk-site15.top\/wp-json\/wp\/v2\/pages\/2752\/revisions\/2763"}],"wp:attachment":[{"href":"https:\/\/casino-bk-site15.top\/wp-json\/wp\/v2\/media?parent=2752"}],"curies":[{"name":"wp","href":"https:\/\/api.w.org\/{rel}","templated":true}]}}